{"id":100,"date":"2013-02-15T19:17:05","date_gmt":"2013-02-15T18:17:05","guid":{"rendered":"http:\/\/www.akkordeon-club.de\/wp-ac\/?page_id=100"},"modified":"2013-02-17T17:56:55","modified_gmt":"2013-02-17T16:56:55","slug":"impressum","status":"publish","type":"page","link":"http:\/\/www.akkordeon-club.de\/wp-ac\/?page_id=100","title":{"rendered":"Impressum"},"content":{"rendered":"<p>&nbsp;<\/p>\n<h2><span style=\"color: #000000;\">Inhaltlich verantwortlich<\/span><\/h2>\n<p><span style=\"color: #000000;\">Martin Strau\u00df; 1.Vorstand<br \/>\n<\/span><span style=\"color: #000000;\">Lierheim 34, 86753 M\u00f6ttingen<br \/>\n<\/span><span style=\"color: #000000;\">Tel: 09083\u00a0 920287<br \/>\n<\/span><span style=\"color: #000000;\">e-mail: mail@martin-strauss.de<\/span><\/p>\n<p>&nbsp;<\/p>\n<h2><span style=\"color: #000000;\">Haftungsausschluss und Rechtliches<\/span><\/h2>\n<p><span style=\"color: #000000;\">1. Inhalte<\/span><\/p>\n<p><span style=\"color: #000000;\">Der Inhalt dieser Seiten wurden nach bestem Wissen und Gewissen erarbeitet und gepr\u00fcft. Es wird jedoch keine Gew\u00e4hr f\u00fcr die Aktualit\u00e4t, Richtigkeit, Vollst\u00e4ndigkeit oder Qualit\u00e4t und jederzeitige Verf\u00fcgbarkeit der bereit gestellten Informationen \u00fcbernommen. Der Inhalt dieser Seiten dient nur der allgemeinen Information.<\/span><\/p>\n<p><span style=\"color: #000000;\">2. Urheberrecht:<\/span><\/p>\n<p><span style=\"color: #000000;\">Kein Teil dieser Publikation darf ohne unsere ausdr\u00fcckliche schriftliche Genehmigung in irgendeiner Form reproduziert oder unter Verwendung elektronischer Systeme verarbeitet, vervielf\u00e4ltigt oder verbreitet werden.<\/span><\/p>\n<p><span style=\"color: #000000;\">Die durch die Seitenbetreiber erstellten Inhalte und Werke auf diesen Seiten unterliegen dem deutschen Urheberrecht. Dies gilt insbesondere f\u00fcr Texte, Bilder, Grafiken, Ton-, Video- oder Animationsdateien einschlie\u00dflich deren Anordnung auf den Web-Seiten. Eine Vervielf\u00e4ltigung oder Verwendung solcher Seiten (oder Teilen davon) in anderen elektronischen oder gedruckten Publikationen und deren Ver\u00f6ffentlichung (auch im Internet) ist nur nach vorheriger Genehmigung gestattet.<\/span><\/p>\n<p><span style=\"color: #000000;\">Weiterhin k\u00f6nnen Bilder, Grafiken, Text- oder sonstige Dateien ganz oder teilweise dem Urheberrecht Dritter unterliegen. Einige Bilder stammen aus kostenpflichtigen oder nicht kostenpflichtigen Bilddatenbanken und wurden mit deren Genehmigung verwendet:<\/span><\/p>\n<p><span style=\"color: #000000;\">Sollten Sie trotzdem auf eine Urheberrechtsverletzung aufmerksam werden, bitten wir um einen entsprechenden Hinweis. Bei Bekanntwerden von Rechtsverletzungen werden wir derartige Inhalte umgehend entfernen.<\/span><\/p>\n<p><span style=\"color: #000000;\">3. Links<\/span><\/p>\n<p><span style=\"color: #000000;\">Unser Angebot enth\u00e4lt Links zu externen Webseiten dritter Anbieter, auf deren Inhalte wir keinerlei Einfluss haben. Deshalb k\u00f6nnen wir f\u00fcr diese externen Inhalte keine Gew\u00e4hr \u00fcbernehmen. F\u00fcr die Inhalte der verlinkten Seiten ist stets der jeweilige Betreiber\/Anbieter der Seite verantwortlich. Durch den Querverweis vermitteln wir lediglich den Zugang zur Nutzung dieser Inhalte.<\/span><\/p>\n<p><span style=\"color: #000000;\">Die jeweils verlinkte Seite wurden zum Zeitpunkt der Verlinkung auf Rechtsverst\u00f6\u00dfe \u00fcberpr\u00fcft. Rechtswidrige Inhalte waren zu diesem Zeitpunkt nicht erkennbar. Eine permanente inhaltliche Kontrolle der verlinkten Seiten ist jedoch ohne konkrete Anhaltspunkte einer Rechtsverletzung nicht zumutbar. Bei Bekanntwerden von Rechtsverletzungen werden wir derartige Links umgehend entfernen.<\/span><\/p>\n<p><span style=\"color: #000000;\">F\u00fcr illegale, fehlerhafte oder unvollst\u00e4ndige Inhalte und insbesondere f\u00fcr Sch\u00e4den, die aus der Nutzung oder Nichtnutzung von Informationen Dritter entstehen, haftet allein der jeweilige Anbieter der Seite, auf welche verwiesen wurde.<\/span><\/p>\n<p><span style=\"color: #000000;\">4. Haftungsausschluss<\/span><\/p>\n<p><span style=\"color: #000000;\">Wir \u00fcbernehmen insbesonders keine Haftung f\u00fcr Handlungen, die auf Grundlage der auf diesen Seiten enthaltenen Informationsmaterialien unternommen werden. Wir \u00fcbernehmen auch keine Gew\u00e4hr f\u00fcr die Aktualit\u00e4t, Richtigkeit und Vollst\u00e4ndigkeit der auf diesen Web-Seiten bereitgestellten Informationen. Dies gilt auch f\u00fcr alle Seiten, auf die direkt oder indirekt von diesen Seiten aus per Link verwiesen wird.<\/span><\/p>\n<p><span style=\"color: #000000;\">Nach \u00a7\u00a7 8 bis 10 TMG sind wir nicht verpflichtet, \u00fcbermittelte oder gespeicherte fremde Informationen zu \u00fcberwachen oder nach Umst\u00e4nden zu forschen, die auf eine rechtswidrige T\u00e4tigkeit hinweisen. Bei Bekanntwerden von entsprechenden Rechtsverletzungen werden wir diese Inhalte umgehend entfernen.<\/span><\/p>\n<h3><span style=\"color: #000000;\">Datenschutzerkl\u00e4rung<\/span><\/h3>\n<p><span style=\"color: #000000;\">Der Schutz Ihrer personenbezogenen Daten bei der Erhebung, Verarbeitung und Nutzung anl\u00e4sslich Ihres Besuchs auf unserer Homepage ist uns ein wichtiges Anliegen. Ihre Daten werden im Rahmen der gesetzlichen Vorschriften gesch\u00fctzt. Nachfolgend finden Sie Informationen, welche Daten w\u00e4hrend Ihres Besuchs auf der Homepage erfasst und wie diese genutzt werden:<\/span><\/p>\n<p><span style=\"color: #000000;\">1. Erhebung und Verarbeitung von Daten<\/span><\/p>\n<p><span style=\"color: #000000;\">Jeder Zugriff auf unsere Homepage und jeder Abruf einer auf der Homepage hinterlegten Datei werden protokolliert. Die Speicherung dient internen systembezogenen und statistischen Zwecken. Protokolliert werden: Name der abgerufenen Datei, Datum und Uhrzeit des Abrufs, \u00fcbertragene Datenmenge, Meldung \u00fcber erfolgreichen Abruf, Webbrowser und anfragende Domain.<\/span><\/p>\n<p><span style=\"color: #000000;\">Zus\u00e4tzlich werden die IP Adressen der anfragenden Rechner protokolliert.<\/span><\/p>\n<p><span style=\"color: #000000;\">Weitergehende personenbezogene Daten werden nur erfasst, wenn Sie diese Angaben freiwillig, etwa im Rahmen einer Anfrage oder Registrierung, machen.<\/span><\/p>\n<p><span style=\"color: #000000;\">2. Nutzung und Weitergabe personenbezogener Daten<\/span><\/p>\n<p><span style=\"color: #000000;\">Soweit Sie uns personenbezogene Daten zur Verf\u00fcgung gestellt haben, verwenden wir diese nur zur Beantwortung Ihrer Anfragen, zur Abwicklung mit Ihnen geschlossener Vertr\u00e4ge und f\u00fcr die technische Administration.<\/span><\/p>\n<p><span style=\"color: #000000;\">Ihre personenbezogenen Daten werden an Dritte nur weitergegeben oder sonst \u00fcbermittelt, wenn dies zum Zwecke der Vertragsabwicklung \u2013 insbesondere Weitergabe von Bestelldaten an Lieferanten \u2013 erforderlich ist, dies zu Abrechnungszwecken erforderlich ist oder Sie zuvor eingewilligt haben. Sie haben das Recht, eine erteilte Einwilligung mit Wirkung f\u00fcr die Zukunft jederzeit zu widerrufen.<\/span><\/p>\n<p><span style=\"color: #000000;\">Die L\u00f6schung der gespeicherten personenbezogenen Daten erfolgt, wenn Sie Ihre Einwilligung zur Speicherung widerrufen, wenn ihre Kenntnis zur Erf\u00fcllung des mit der Speicherung verfolgten Zwecks nicht mehr erforderlich ist oder wenn ihre Speicherung aus sonstigen gesetzlichen Gr\u00fcnden unzul\u00e4ssig ist.<\/span><\/p>\n<p><span style=\"color: #000000;\">3. Auskunftsrecht<\/span><\/p>\n<p><span style=\"color: #000000;\">Auf schriftliche Anfrage werden wir Sie gern \u00fcber die zu Ihrer Person gespeicherten Daten informieren.<\/span><\/p>\n<p><span style=\"color: #000000;\">Sicherheitshinweis:<\/span><\/p>\n<p><span style=\"color: #000000;\">Wir sind bem\u00fcht, Ihre personenbezogenen Daten durch Ergreifung aller technischen und organisatorischen M\u00f6glichkeiten so zu speichern, dass sie f\u00fcr Dritte nicht zug\u00e4nglich sind. Bei der Kommunikation per E-Mail kann die vollst\u00e4ndige Datensicherheit von uns nicht gew\u00e4hrleistet werden, so dass wir Ihnen bei vertraulichen Informationen den Postweg empfehlen.<\/span><\/p>\n","protected":false},"excerpt":{"rendered":"<p>&nbsp; Inhaltlich verantwortlich Martin Strau\u00df; 1.Vorstand Lierheim 34, 86753 M\u00f6ttingen Tel: 09083\u00a0 920287 e-mail: mail@martin-strauss.de &nbsp; Haftungsausschluss und Rechtliches 1. Inhalte Der Inhalt dieser Seiten wurden nach bestem Wissen und Gewissen erarbeitet und gepr\u00fcft. Es wird jedoch keine Gew\u00e4hr f\u00fcr &hellip; <a href=\"http:\/\/www.akkordeon-club.de\/wp-ac\/?page_id=100\">Weiterlesen <span class=\"meta-nav\">&rarr;<\/span><\/a><\/p>\n","protected":false},"author":1,"featured_media":0,"parent":0,"menu_order":7,"comment_status":"closed","ping_status":"closed","template":"","meta":{"footnotes":""},"class_list":["post-100","page","type-page","status-publish","hentry"],"_links":{"self":[{"href":"http:\/\/www.akkordeon-club.de\/wp-ac\/index.php?rest_route=\/wp\/v2\/pages\/100","targetHints":{"allow":["GET"]}}],"collection":[{"href":"http:\/\/www.akkordeon-club.de\/wp-ac\/index.php?rest_route=\/wp\/v2\/pages"}],"about":[{"href":"http:\/\/www.akkordeon-club.de\/wp-ac\/index.php?rest_route=\/wp\/v2\/types\/page"}],"author":[{"embeddable":true,"href":"http:\/\/www.akkordeon-club.de\/wp-ac\/index.php?rest_route=\/wp\/v2\/users\/1"}],"replies":[{"embeddable":true,"href":"http:\/\/www.akkordeon-club.de\/wp-ac\/index.php?rest_route=%2Fwp%2Fv2%2Fcomments&post=100"}],"version-history":[{"count":10,"href":"http:\/\/www.akkordeon-club.de\/wp-ac\/index.php?rest_route=\/wp\/v2\/pages\/100\/revisions"}],"predecessor-version":[{"id":148,"href":"http:\/\/www.akkordeon-club.de\/wp-ac\/index.php?rest_route=\/wp\/v2\/pages\/100\/revisions\/148"}],"wp:attachment":[{"href":"http:\/\/www.akkordeon-club.de\/wp-ac\/index.php?rest_route=%2Fwp%2Fv2%2Fmedia&parent=100"}],"curies":[{"name":"wp","href":"https:\/\/api.w.org\/{rel}","templated":true}]}}